{"id":17227,"date":"2020-11-09T15:06:23","date_gmt":"2020-11-09T14:06:23","guid":{"rendered":"https:\/\/www.nisgazprom.rs\/pravna-lica\/veleprodaja\/regionalna-predstavnistva\/sektor-cacak\/"},"modified":"2024-09-18T15:26:53","modified_gmt":"2024-09-18T13:26:53","slug":"sektor-za-prodaju-veleprodajnim-kupcima-u-regionu","status":"publish","type":"page","link":"https:\/\/www.nisgazprom.rs\/sr\/pravna-lica\/veleprodaja\/regionalna-predstavnistva\/sektor-za-prodaju-veleprodajnim-kupcima-u-regionu\/","title":{"rendered":"\u0421\u0435\u043a\u0442\u043e\u0440 \u0437\u0430 \u043f\u0440\u043e\u0434\u0430\u0458\u0443 \u0432\u0435\u043b\u0435\u043f\u0440\u043e\u0434\u0430\u0458\u043d\u0438\u043c \u043a\u0443\u043f\u0446\u0438\u043c\u0430 \u0443 \u0440\u0435\u0433\u0438\u043e\u043d\u0443"},"content":{"rendered":"","protected":false},"excerpt":{"rendered":"","protected":false},"author":1,"featured_media":0,"parent":17176,"menu_order":0,"comment_status":"closed","ping_status":"closed","template":"__fe-templates\/fe-page-veleprodaja-sektor.php","meta":{"_acf_changed":false,"footnotes":""},"class_list":["post-17227","page","type-page","status-publish"],"acf":[],"yoast_head":"<!-- This site is optimized with the Yoast SEO plugin v27.2 - https:\/\/yoast.com\/product\/yoast-seo-wordpress\/ -->\n<title>Sektor veleprodaje \u010ca\u010dak - \u041d\u0418\u0421 \u041f\u0435\u0442\u0440\u043e\u043b \u0438 \u0413\u0430\u0441\u043f\u0440\u043e\u043c<\/title>\n<meta name=\"description\" content=\"Veleprodaja NIS-a ima svoje predstavni\u0161tvo i u \u010ca\u010dku. Region \u010ca\u010dak teritorijalno zauzima oblasti Zapadne i Centralne Srbije.\" \/>\n<meta name=\"robots\" content=\"index, follow, max-snippet:-1, max-image-preview:large, max-video-preview:-1\" \/>\n<link rel=\"canonical\" href=\"https:\/\/www.nisgazprom.rs\/sr\/pravna-lica\/veleprodaja\/regionalna-predstavnistva\/sektor-za-prodaju-veleprodajnim-kupcima-u-regionu\/\" \/>\n<meta property=\"og:locale\" content=\"sr_RS\" \/>\n<meta property=\"og:type\" content=\"article\" \/>\n<meta property=\"og:title\" content=\"Sektor veleprodaje \u010ca\u010dak - \u041d\u0418\u0421 \u041f\u0435\u0442\u0440\u043e\u043b \u0438 \u0413\u0430\u0441\u043f\u0440\u043e\u043c\" \/>\n<meta property=\"og:description\" content=\"Veleprodaja NIS-a ima svoje predstavni\u0161tvo i u \u010ca\u010dku. Region \u010ca\u010dak teritorijalno zauzima oblasti Zapadne i Centralne Srbije.\" \/>\n<meta property=\"og:url\" content=\"https:\/\/www.nisgazprom.rs\/sr\/pravna-lica\/veleprodaja\/regionalna-predstavnistva\/sektor-za-prodaju-veleprodajnim-kupcima-u-regionu\/\" \/>\n<meta property=\"og:site_name\" content=\"\u041d\u0418\u0421 \u041f\u0435\u0442\u0440\u043e\u043b \u0438 \u0413\u0430\u0441\u043f\u0440\u043e\u043c\" \/>\n<meta property=\"article:publisher\" content=\"https:\/\/www.facebook.com\/SaNamaNaPutuSrbija\/\" \/>\n<meta property=\"article:modified_time\" content=\"2024-09-18T13:26:53+00:00\" \/>\n<meta property=\"og:image\" content=\"https:\/\/www.nisgazprom.rs\/wp-content\/uploads\/2023\/01\/homepage-hero-1920x750px_5.jpg\" \/>\n\t<meta property=\"og:image:width\" content=\"1920\" \/>\n\t<meta property=\"og:image:height\" content=\"750\" \/>\n\t<meta property=\"og:image:type\" content=\"image\/jpeg\" \/>\n<meta name=\"twitter:card\" content=\"summary_large_image\" \/>\n<!-- \/ Yoast SEO plugin. -->","yoast_head_json":{"title":"Sektor veleprodaje \u010ca\u010dak - \u041d\u0418\u0421 \u041f\u0435\u0442\u0440\u043e\u043b \u0438 \u0413\u0430\u0441\u043f\u0440\u043e\u043c","description":"Veleprodaja NIS-a ima svoje predstavni\u0161tvo i u \u010ca\u010dku. Region \u010ca\u010dak teritorijalno zauzima oblasti Zapadne i Centralne Srbije.","robots":{"index":"index","follow":"follow","max-snippet":"max-snippet:-1","max-image-preview":"max-image-preview:large","max-video-preview":"max-video-preview:-1"},"canonical":"https:\/\/www.nisgazprom.rs\/sr\/pravna-lica\/veleprodaja\/regionalna-predstavnistva\/sektor-za-prodaju-veleprodajnim-kupcima-u-regionu\/","og_locale":"sr_RS","og_type":"article","og_title":"Sektor veleprodaje \u010ca\u010dak - \u041d\u0418\u0421 \u041f\u0435\u0442\u0440\u043e\u043b \u0438 \u0413\u0430\u0441\u043f\u0440\u043e\u043c","og_description":"Veleprodaja NIS-a ima svoje predstavni\u0161tvo i u \u010ca\u010dku. Region \u010ca\u010dak teritorijalno zauzima oblasti Zapadne i Centralne Srbije.","og_url":"https:\/\/www.nisgazprom.rs\/sr\/pravna-lica\/veleprodaja\/regionalna-predstavnistva\/sektor-za-prodaju-veleprodajnim-kupcima-u-regionu\/","og_site_name":"\u041d\u0418\u0421 \u041f\u0435\u0442\u0440\u043e\u043b \u0438 \u0413\u0430\u0441\u043f\u0440\u043e\u043c","article_publisher":"https:\/\/www.facebook.com\/SaNamaNaPutuSrbija\/","article_modified_time":"2024-09-18T13:26:53+00:00","og_image":[{"width":1920,"height":750,"url":"https:\/\/www.nisgazprom.rs\/wp-content\/uploads\/2023\/01\/homepage-hero-1920x750px_5.jpg","type":"image\/jpeg"}],"twitter_card":"summary_large_image","schema":{"@context":"https:\/\/schema.org","@graph":[{"@type":"WebPage","@id":"https:\/\/www.nisgazprom.rs\/sr\/pravna-lica\/veleprodaja\/regionalna-predstavnistva\/sektor-za-prodaju-veleprodajnim-kupcima-u-regionu\/","url":"https:\/\/www.nisgazprom.rs\/sr\/pravna-lica\/veleprodaja\/regionalna-predstavnistva\/sektor-za-prodaju-veleprodajnim-kupcima-u-regionu\/","name":"Sektor veleprodaje \u010ca\u010dak - \u041d\u0418\u0421 \u041f\u0435\u0442\u0440\u043e\u043b \u0438 \u0413\u0430\u0441\u043f\u0440\u043e\u043c","isPartOf":{"@id":"https:\/\/www.nisgazprom.rs\/#website"},"datePublished":"2020-11-09T14:06:23+00:00","dateModified":"2024-09-18T13:26:53+00:00","description":"Veleprodaja NIS-a ima svoje predstavni\u0161tvo i u \u010ca\u010dku. Region \u010ca\u010dak teritorijalno zauzima oblasti Zapadne i Centralne Srbije.","breadcrumb":{"@id":"https:\/\/www.nisgazprom.rs\/sr\/pravna-lica\/veleprodaja\/regionalna-predstavnistva\/sektor-za-prodaju-veleprodajnim-kupcima-u-regionu\/#breadcrumb"},"inLanguage":"sr-Cyrl","potentialAction":[{"@type":"ReadAction","target":["https:\/\/www.nisgazprom.rs\/sr\/pravna-lica\/veleprodaja\/regionalna-predstavnistva\/sektor-za-prodaju-veleprodajnim-kupcima-u-regionu\/"]}]},{"@type":"BreadcrumbList","@id":"https:\/\/www.nisgazprom.rs\/sr\/pravna-lica\/veleprodaja\/regionalna-predstavnistva\/sektor-za-prodaju-veleprodajnim-kupcima-u-regionu\/#breadcrumb","itemListElement":[{"@type":"ListItem","position":1,"name":"Home","item":"https:\/\/www.nisgazprom.rs\/sr\/"},{"@type":"ListItem","position":2,"name":"\u041f\u0440\u0430\u0432\u043d\u0430 \u043b\u0438\u0446\u0430","item":"https:\/\/www.nisgazprom.rs\/sr\/pravna-lica\/"},{"@type":"ListItem","position":3,"name":"\u0412\u0435\u043b\u0435\u043f\u0440\u043e\u0434\u0430\u0458\u0430","item":"https:\/\/www.nisgazprom.rs\/sr\/pravna-lica\/veleprodaja\/"},{"@type":"ListItem","position":4,"name":"\u0420\u0435\u0433\u0438\u043e\u043d\u0430\u043b\u043d\u0430 \u043f\u0440\u0435\u0434\u0441\u0442\u0430\u0432\u043d\u0438\u0448\u0442\u0432\u0430","item":"https:\/\/www.nisgazprom.rs\/sr\/pravna-lica\/veleprodaja\/regionalna-predstavnistva\/"},{"@type":"ListItem","position":5,"name":"\u0421\u0435\u043a\u0442\u043e\u0440 \u0437\u0430 \u043f\u0440\u043e\u0434\u0430\u0458\u0443 \u0432\u0435\u043b\u0435\u043f\u0440\u043e\u0434\u0430\u0458\u043d\u0438\u043c \u043a\u0443\u043f\u0446\u0438\u043c\u0430 \u0443 \u0440\u0435\u0433\u0438\u043e\u043d\u0443"}]},{"@type":"WebSite","@id":"https:\/\/www.nisgazprom.rs\/#website","url":"https:\/\/www.nisgazprom.rs\/","name":"\u041d\u0418\u0421 \u041f\u0435\u0442\u0440\u043e\u043b \u0438 \u0413\u0430\u0441\u043f\u0440\u043e\u043c","description":"","publisher":{"@id":"https:\/\/www.nisgazprom.rs\/#organization"},"alternateName":"NIS Gazprom","potentialAction":[{"@type":"SearchAction","target":{"@type":"EntryPoint","urlTemplate":"https:\/\/www.nisgazprom.rs\/?s={search_term_string}"},"query-input":{"@type":"PropertyValueSpecification","valueRequired":true,"valueName":"search_term_string"}}],"inLanguage":"sr-Cyrl"},{"@type":"Organization","@id":"https:\/\/www.nisgazprom.rs\/#organization","name":"NIS Gazprom","url":"https:\/\/www.nisgazprom.rs\/","logo":{"@type":"ImageObject","inLanguage":"sr-Cyrl","@id":"https:\/\/www.nisgazprom.rs\/#\/schema\/logo\/image\/","url":"https:\/\/www.nisgazprom.rs\/wp-content\/uploads\/2021\/04\/nis-gazprom-i-nis-petrol-logo.jpg","contentUrl":"https:\/\/www.nisgazprom.rs\/wp-content\/uploads\/2021\/04\/nis-gazprom-i-nis-petrol-logo.jpg","width":477,"height":116,"caption":"NIS Gazprom"},"image":{"@id":"https:\/\/www.nisgazprom.rs\/#\/schema\/logo\/image\/"},"sameAs":["https:\/\/www.facebook.com\/SaNamaNaPutuSrbija\/","https:\/\/www.instagram.com\/sanamanaputu\/","https:\/\/www.youtube.com\/channel\/UCWZbDBR2lgAdgXa3jm85XWw"]}]}},"_links":{"self":[{"href":"https:\/\/www.nisgazprom.rs\/sr\/wp-json\/wp\/v2\/pages\/17227","targetHints":{"allow":["GET"]}}],"collection":[{"href":"https:\/\/www.nisgazprom.rs\/sr\/wp-json\/wp\/v2\/pages"}],"about":[{"href":"https:\/\/www.nisgazprom.rs\/sr\/wp-json\/wp\/v2\/types\/page"}],"author":[{"embeddable":true,"href":"https:\/\/www.nisgazprom.rs\/sr\/wp-json\/wp\/v2\/users\/1"}],"replies":[{"embeddable":true,"href":"https:\/\/www.nisgazprom.rs\/sr\/wp-json\/wp\/v2\/comments?post=17227"}],"version-history":[{"count":0,"href":"https:\/\/www.nisgazprom.rs\/sr\/wp-json\/wp\/v2\/pages\/17227\/revisions"}],"up":[{"embeddable":true,"href":"https:\/\/www.nisgazprom.rs\/sr\/wp-json\/wp\/v2\/pages\/17176"}],"wp:attachment":[{"href":"https:\/\/www.nisgazprom.rs\/sr\/wp-json\/wp\/v2\/media?parent=17227"}],"curies":[{"name":"wp","href":"https:\/\/api.w.org\/{rel}","templated":true}]}}